{"id":363,"date":"2020-03-10T21:16:55","date_gmt":"2020-03-10T21:16:55","guid":{"rendered":"https:\/\/startersites.io\/blocksy\/modern-shop\/?page_id=3"},"modified":"2026-01-09T12:51:49","modified_gmt":"2026-01-09T09:51:49","slug":"privacy-policy","status":"publish","type":"page","link":"https:\/\/izmiristekstil.com\/tr\/privacy-policy\/","title":{"rendered":"Privacy Policy"},"content":{"rendered":"<div data-elementor-type=\"wp-page\" data-elementor-id=\"363\" class=\"elementor elementor-363\">\n\t\t\t\t<div class=\"elementor-element elementor-element-7318d240 e-flex e-con-boxed e-con e-parent\" data-id=\"7318d240\" data-element_type=\"container\">\n\t\t\t\t\t<div class=\"e-con-inner\">\n\t\t\t\t<div class=\"elementor-element elementor-element-607f46ed elementor-widget elementor-widget-text-editor\" data-id=\"607f46ed\" data-element_type=\"widget\" data-widget_type=\"text-editor.default\">\n\t\t\t\t<div class=\"elementor-widget-container\">\n\t\t\t\t\t\t\t\t\t<h2 data-start=\"90\" data-end=\"138\">1. <strong data-start=\"98\" data-end=\"121\">Gizlilik Politikas\u0131<\/strong> (Privacy Policy)<\/h2><p data-start=\"140\" data-end=\"395\"><strong data-start=\"140\" data-end=\"159\">\u0130zmir \u0130\u015f Tekstil<\/strong> olarak, web sitemizi ziyaret eden kullan\u0131c\u0131lar\u0131m\u0131z\u0131n gizlili\u011fini korumay\u0131 taahh\u00fct ediyoruz. Bu gizlilik politikas\u0131, sitemiz \u00fczerinden toplanan ki\u015fisel verilerin nas\u0131l i\u015flendi\u011fini, korundu\u011funu ve ne ama\u00e7la kullan\u0131ld\u0131\u011f\u0131n\u0131 a\u00e7\u0131klamaktad\u0131r.<\/p><h3 data-start=\"397\" data-end=\"419\">Toplanan Bilgiler:<\/h3><ul data-start=\"420\" data-end=\"583\"><li data-start=\"420\" data-end=\"456\"><p data-start=\"422\" data-end=\"456\">Ad, soyad, adres, e-posta, telefon<\/p><\/li><li data-start=\"457\" data-end=\"485\"><p data-start=\"459\" data-end=\"485\">IP adresi, cihaz bilgileri<\/p><\/li><li data-start=\"486\" data-end=\"583\"><p data-start=\"488\" data-end=\"583\">Sipari\u015f bilgileri ve \u00f6deme i\u015flemleri (kredi kart\u0131 bilgileriniz do\u011frudan taraf\u0131m\u0131zdan saklanmaz)<\/p><\/li><\/ul><h3 data-start=\"585\" data-end=\"607\">Kullan\u0131m Ama\u00e7lar\u0131:<\/h3><ul data-start=\"608\" data-end=\"747\"><li data-start=\"608\" data-end=\"636\"><p data-start=\"610\" data-end=\"636\">Sipari\u015f i\u015fleme ve g\u00f6nderim<\/p><\/li><li data-start=\"637\" data-end=\"654\"><p data-start=\"639\" data-end=\"654\">\u00d6deme i\u015flemleri<\/p><\/li><li data-start=\"655\" data-end=\"683\"><p data-start=\"657\" data-end=\"683\">M\u00fc\u015fteri hizmetleri deste\u011fi<\/p><\/li><li data-start=\"684\" data-end=\"747\"><p data-start=\"686\" data-end=\"747\">Pazarlama ve kampanya ileti\u015fimleri (izin verilmesi durumunda)<\/p><\/li><\/ul><h3 data-start=\"749\" data-end=\"780\">\u00dc\u00e7\u00fcnc\u00fc Taraflarla Payla\u015f\u0131m:<\/h3><ul data-start=\"781\" data-end=\"927\"><li data-start=\"781\" data-end=\"819\"><p data-start=\"783\" data-end=\"819\">Kargo firmalar\u0131 (ad, adres, telefon)<\/p><\/li><li data-start=\"820\" data-end=\"880\"><p data-start=\"822\" data-end=\"880\">\u00d6deme altyap\u0131 sa\u011flay\u0131c\u0131lar\u0131 (g\u00fcvenli \u00f6deme i\u015flemleri i\u00e7in)<\/p><\/li><li data-start=\"881\" data-end=\"927\"><p data-start=\"883\" data-end=\"927\">Yasal zorunluluklar durumunda resmi kurumlar<\/p><\/li><\/ul><h3 data-start=\"929\" data-end=\"942\">G\u00fcvenlik:<\/h3><ul data-start=\"943\" data-end=\"1018\"><li data-start=\"943\" data-end=\"985\"><p data-start=\"945\" data-end=\"985\">SSL sertifikas\u0131 ile \u015fifrelenmi\u015f ba\u011flant\u0131<\/p><\/li><li data-start=\"986\" data-end=\"1018\"><p data-start=\"988\" data-end=\"1018\">PCI-DSS uyumlu \u00f6deme altyap\u0131s\u0131<\/p><\/li><\/ul><h3 data-start=\"1020\" data-end=\"1051\">KVKK Kapsam\u0131nda Haklar\u0131n\u0131z:<\/h3><p data-start=\"1052\" data-end=\"1243\"><a href=\"https:\/\/www.mevzuat.gov.tr\/mevzuat?MevzuatNo=6698&amp;MevzuatTur=1&amp;MevzuatTertip=5\">6698 say\u0131l\u0131 KVKK kapsam\u0131nda<\/a>; verilerinize eri\u015fme, d\u00fczeltme, silme, i\u015flemeye itiraz etme gibi haklara sahipsiniz. T\u00fcm taleplerinizi <strong>destek@izmiristekstil.com<\/strong>\u00a0adresinden bize iletebilirsiniz.<\/p><h2 data-start=\"1250\" data-end=\"1302\"><strong data-start=\"1258\" data-end=\"1281\">2.\u015eartlar ve Ko\u015fullar<\/strong> (Terms &amp; Conditions)<\/h2><p data-start=\"1304\" data-end=\"1468\">Bu web sitesini kullanarak a\u015fa\u011f\u0131daki \u015fartlar\u0131 kabul etmi\u015f olursunuz. <strong data-start=\"1373\" data-end=\"1392\">\u0130zmir \u0130\u015f Tekstil<\/strong> olarak bu ko\u015fullar\u0131 \u00f6nceden haber vermeksizin g\u00fcncelleme hakk\u0131m\u0131z sakl\u0131d\u0131r.<\/p><h3 data-start=\"1470\" data-end=\"1492\">Kullan\u0131m \u015eartlar\u0131:<\/h3><ul data-start=\"1493\" data-end=\"1786\"><li data-start=\"1493\" data-end=\"1577\"><p data-start=\"1495\" data-end=\"1577\">Sitemiz \u00fczerinden yap\u0131lan t\u00fcm al\u0131\u015fveri\u015fler T\u00fcrkiye Cumhuriyeti yasalar\u0131na tabidir.<\/p><\/li><li data-start=\"1578\" data-end=\"1636\"><p data-start=\"1580\" data-end=\"1636\">\u00dcr\u00fcn fiyatlar\u0131 T\u00fcrk Liras\u0131 cinsindendir ve KDV dahildir.<\/p><\/li><li data-start=\"1637\" data-end=\"1701\"><p data-start=\"1639\" data-end=\"1701\">Sipari\u015flerin haz\u0131rlanmas\u0131 ve g\u00f6nderimi stok durumuna ba\u011fl\u0131d\u0131r.<\/p><\/li><li data-start=\"1702\" data-end=\"1786\"><p data-start=\"1704\" data-end=\"1786\">Yanl\u0131\u015f bilgi verilmesi durumunda olu\u015fabilecek aksakl\u0131klardan kullan\u0131c\u0131 sorumludur.<\/p><\/li><\/ul><h3 data-start=\"1788\" data-end=\"1808\">\u0130ade ve De\u011fi\u015fim:<\/h3><ul data-start=\"1809\" data-end=\"2018\"><li data-start=\"1809\" data-end=\"1936\"><p data-start=\"1811\" data-end=\"1936\">Sat\u0131n ald\u0131\u011f\u0131n\u0131z \u00fcr\u00fcnlerde memnun kalmazsan\u0131z, teslim tarihinden itibaren 14 g\u00fcn i\u00e7inde iade veya de\u011fi\u015fim talep edebilirsiniz.<\/p><\/li><li data-start=\"1937\" data-end=\"2018\"><p data-start=\"1939\" data-end=\"2018\">\u00dcr\u00fcnlerin kullan\u0131lmam\u0131\u015f, zarar g\u00f6rmemi\u015f ve orijinal ambalaj\u0131nda olmas\u0131 gerekir.<\/p><\/li><\/ul><h3 data-start=\"2020\" data-end=\"2041\">Sorumluluk Reddi:<\/h3><ul data-start=\"2042\" data-end=\"2267\"><li data-start=\"2042\" data-end=\"2181\"><p data-start=\"2044\" data-end=\"2181\">Web sitesinde yer alan i\u00e7erik, stok ve fiyat bilgilerinde olu\u015fabilecek yaz\u0131m hatalar\u0131ndan dolay\u0131 do\u011fabilecek zararlardan sorumlu de\u011filiz.<\/p><\/li><li data-start=\"2182\" data-end=\"2267\"><p data-start=\"2184\" data-end=\"2267\">Web sitemizin eri\u015filebilirli\u011fi zaman zaman teknik nedenlerle kesintiye u\u011frayabilir.<\/p><h2 data-start=\"2274\" data-end=\"2318\">3. <strong data-start=\"2282\" data-end=\"2302\">\u00c7erez Politikas\u0131<\/strong> (Cookie Policy)<\/h2><p data-start=\"2320\" data-end=\"2425\"><strong data-start=\"2320\" data-end=\"2339\">\u0130zmir \u0130\u015f Tekstil<\/strong> olarak kullan\u0131c\u0131 deneyimini geli\u015ftirmek i\u00e7in \u00e7erez (cookie) teknolojisi kullan\u0131yoruz.<\/p><h3 data-start=\"2427\" data-end=\"2443\">\u00c7erez Nedir?<\/h3><p data-start=\"2444\" data-end=\"2673\">\u00c7erezler, web sitesini ziyaret etti\u011finizde taray\u0131c\u0131n\u0131z arac\u0131l\u0131\u011f\u0131yla cihaz\u0131n\u0131za kaydedilen k\u00fc\u00e7\u00fck metin dosyalar\u0131d\u0131r. Oturum bilgilerini, tercihlerinizi ve siteye nas\u0131l eri\u015fti\u011finizi kaydederek daha iyi bir kullan\u0131c\u0131 deneyimi sunar.<\/p><h3 data-start=\"2675\" data-end=\"2707\">Kulland\u0131\u011f\u0131m\u0131z \u00c7erez T\u00fcrleri:<\/h3><ul data-start=\"2708\" data-end=\"2944\"><li data-start=\"2708\" data-end=\"2786\"><p data-start=\"2710\" data-end=\"2786\"><strong data-start=\"2710\" data-end=\"2731\">Zorunlu \u00c7erezler:<\/strong> Web sitesinin do\u011fru \u015fekilde \u00e7al\u0131\u015fmas\u0131 i\u00e7in gereklidir.<\/p><\/li><li data-start=\"2787\" data-end=\"2866\"><p data-start=\"2789\" data-end=\"2866\"><strong data-start=\"2789\" data-end=\"2811\">Analitik \u00c7erezler:<\/strong> Site kullan\u0131m\u0131 hakk\u0131nda istatistiksel bilgiler sa\u011flar.<\/p><\/li><li data-start=\"2867\" data-end=\"2944\"><p data-start=\"2869\" data-end=\"2944\"><strong data-start=\"2869\" data-end=\"2893\">Pazarlama \u00c7erezleri:<\/strong> \u0130lgi alanlar\u0131n\u0131za g\u00f6re size uygun reklamlar sunar.<\/p><\/li><\/ul><h3 data-start=\"2946\" data-end=\"2968\">\u00c7erezleri Y\u00f6netme:<\/h3><p data-start=\"2969\" data-end=\"3155\">Taray\u0131c\u0131n\u0131z\u0131n ayarlar\u0131 \u00fczerinden \u00e7erezleri kabul edebilir, reddedebilir veya silebilirsiniz. Ancak \u00e7erezleri devre d\u0131\u015f\u0131 b\u0131rakman\u0131z durumunda sitenin baz\u0131 b\u00f6l\u00fcmleri d\u00fczg\u00fcn \u00e7al\u0131\u015fmayabilir.<\/p><\/li><\/ul><div>\u00a0<\/div><p><!-- \/wp:paragraph --><\/p>\t\t\t\t\t\t\t\t<\/div>\n\t\t\t\t<\/div>\n\t\t\t\t\t<\/div>\n\t\t\t\t<\/div>\n\t\t\t\t<\/div>","protected":false},"excerpt":{"rendered":"<p>1. Gizlilik Politikas\u0131 (Privacy Policy) \u0130zmir \u0130\u015f Tekstil olarak, web sitemizi ziyaret eden kullan\u0131c\u0131lar\u0131m\u0131z\u0131n gizlili\u011fini korumay\u0131 taahh\u00fct ediyoruz. Bu gizlilik politikas\u0131, sitemiz \u00fczerinden toplanan ki\u015fisel verilerin nas\u0131l i\u015flendi\u011fini, korundu\u011funu ve ne ama\u00e7la kullan\u0131ld\u0131\u011f\u0131n\u0131 a\u00e7\u0131klamaktad\u0131r. Toplanan Bilgiler: Ad, soyad, adres, e-posta, telefon IP adresi, cihaz bilgileri Sipari\u015f bilgileri ve \u00f6deme i\u015flemleri (kredi kart\u0131 bilgileriniz do\u011frudan taraf\u0131m\u0131zdan [&hellip;]<\/p>","protected":false},"author":1,"featured_media":0,"parent":0,"menu_order":0,"comment_status":"closed","ping_status":"open","template":"","meta":{"footnotes":""},"class_list":["post-363","page","type-page","status-publish","hentry"],"blocksy_meta":{"styles_descriptor":{"styles":{"desktop":"","tablet":"","mobile":""},"google_fonts":[],"version":6}},"yoast_head":"<!-- This site is optimized with the Yoast SEO plugin v25.4 - https:\/\/yoast.com\/wordpress\/plugins\/seo\/ -->\n<title>Privacy Policy - \u0130zmir \u0130\u015f Tekstil<\/title>\n<meta name=\"robots\" content=\"index, follow, max-snippet:-1, max-image-preview:large, max-video-preview:-1\" \/>\n<link rel=\"canonical\" href=\"https:\/\/izmiristekstil.com\/tr\/privacy-policy\/\" \/>\n<meta property=\"og:locale\" content=\"tr_TR\" \/>\n<meta property=\"og:type\" content=\"article\" \/>\n<meta property=\"og:title\" content=\"Privacy Policy - \u0130zmir \u0130\u015f Tekstil\" \/>\n<meta property=\"og:description\" content=\"1. Gizlilik Politikas\u0131 (Privacy Policy) \u0130zmir \u0130\u015f Tekstil olarak, web sitemizi ziyaret eden kullan\u0131c\u0131lar\u0131m\u0131z\u0131n gizlili\u011fini korumay\u0131 taahh\u00fct ediyoruz. Bu gizlilik politikas\u0131, sitemiz \u00fczerinden toplanan ki\u015fisel verilerin nas\u0131l i\u015flendi\u011fini, korundu\u011funu ve ne ama\u00e7la kullan\u0131ld\u0131\u011f\u0131n\u0131 a\u00e7\u0131klamaktad\u0131r. Toplanan Bilgiler: Ad, soyad, adres, e-posta, telefon IP adresi, cihaz bilgileri Sipari\u015f bilgileri ve \u00f6deme i\u015flemleri (kredi kart\u0131 bilgileriniz do\u011frudan taraf\u0131m\u0131zdan [&hellip;]\" \/>\n<meta property=\"og:url\" content=\"https:\/\/izmiristekstil.com\/tr\/privacy-policy\/\" \/>\n<meta property=\"og:site_name\" content=\"\u0130zmir \u0130\u015f Tekstil\" \/>\n<meta property=\"article:modified_time\" content=\"2026-01-09T09:51:49+00:00\" \/>\n<meta name=\"twitter:card\" content=\"summary_large_image\" \/>\n<meta name=\"twitter:label1\" content=\"Tahmini okuma s\u00fcresi\" \/>\n\t<meta name=\"twitter:data1\" content=\"2 dakika\" \/>\n<script type=\"application\/ld+json\" class=\"yoast-schema-graph\">{\"@context\":\"https:\/\/schema.org\",\"@graph\":[{\"@type\":\"WebPage\",\"@id\":\"https:\/\/izmiristekstil.com\/privacy-policy\/\",\"url\":\"https:\/\/izmiristekstil.com\/privacy-policy\/\",\"name\":\"Privacy Policy - \u0130zmir \u0130\u015f Tekstil\",\"isPartOf\":{\"@id\":\"https:\/\/izmiristekstil.com\/#website\"},\"datePublished\":\"2020-03-10T21:16:55+00:00\",\"dateModified\":\"2026-01-09T09:51:49+00:00\",\"breadcrumb\":{\"@id\":\"https:\/\/izmiristekstil.com\/privacy-policy\/#breadcrumb\"},\"inLanguage\":\"tr\",\"potentialAction\":[{\"@type\":\"ReadAction\",\"target\":[\"https:\/\/izmiristekstil.com\/privacy-policy\/\"]}]},{\"@type\":\"BreadcrumbList\",\"@id\":\"https:\/\/izmiristekstil.com\/privacy-policy\/#breadcrumb\",\"itemListElement\":[{\"@type\":\"ListItem\",\"position\":1,\"name\":\"Home\",\"item\":\"https:\/\/izmiristekstil.com\/\"},{\"@type\":\"ListItem\",\"position\":2,\"name\":\"Privacy Policy\"}]},{\"@type\":\"WebSite\",\"@id\":\"https:\/\/izmiristekstil.com\/#website\",\"url\":\"https:\/\/izmiristekstil.com\/\",\"name\":\"\u0130zmir \u0130\u015f Tekstil\",\"description\":\"\",\"publisher\":{\"@id\":\"https:\/\/izmiristekstil.com\/#organization\"},\"potentialAction\":[{\"@type\":\"SearchAction\",\"target\":{\"@type\":\"EntryPoint\",\"urlTemplate\":\"https:\/\/izmiristekstil.com\/?s={search_term_string}\"},\"query-input\":{\"@type\":\"PropertyValueSpecification\",\"valueRequired\":true,\"valueName\":\"search_term_string\"}}],\"inLanguage\":\"tr\"},{\"@type\":\"Organization\",\"@id\":\"https:\/\/izmiristekstil.com\/#organization\",\"name\":\"\u0130zmir \u0130\u015f Tekstil\",\"url\":\"https:\/\/izmiristekstil.com\/\",\"logo\":{\"@type\":\"ImageObject\",\"inLanguage\":\"tr\",\"@id\":\"https:\/\/izmiristekstil.com\/#\/schema\/logo\/image\/\",\"url\":\"https:\/\/izmiristekstil.com\/wp-content\/uploads\/2025\/10\/izmiris-logo.png\",\"contentUrl\":\"https:\/\/izmiristekstil.com\/wp-content\/uploads\/2025\/10\/izmiris-logo.png\",\"width\":2083,\"height\":2083,\"caption\":\"\u0130zmir \u0130\u015f Tekstil\"},\"image\":{\"@id\":\"https:\/\/izmiristekstil.com\/#\/schema\/logo\/image\/\"}}]}<\/script>\n<!-- \/ Yoast SEO plugin. -->","yoast_head_json":{"title":"Privacy Policy - \u0130zmir \u0130\u015f Tekstil","robots":{"index":"index","follow":"follow","max-snippet":"max-snippet:-1","max-image-preview":"max-image-preview:large","max-video-preview":"max-video-preview:-1"},"canonical":"https:\/\/izmiristekstil.com\/tr\/privacy-policy\/","og_locale":"tr_TR","og_type":"article","og_title":"Privacy Policy - \u0130zmir \u0130\u015f Tekstil","og_description":"1. Gizlilik Politikas\u0131 (Privacy Policy) \u0130zmir \u0130\u015f Tekstil olarak, web sitemizi ziyaret eden kullan\u0131c\u0131lar\u0131m\u0131z\u0131n gizlili\u011fini korumay\u0131 taahh\u00fct ediyoruz. Bu gizlilik politikas\u0131, sitemiz \u00fczerinden toplanan ki\u015fisel verilerin nas\u0131l i\u015flendi\u011fini, korundu\u011funu ve ne ama\u00e7la kullan\u0131ld\u0131\u011f\u0131n\u0131 a\u00e7\u0131klamaktad\u0131r. Toplanan Bilgiler: Ad, soyad, adres, e-posta, telefon IP adresi, cihaz bilgileri Sipari\u015f bilgileri ve \u00f6deme i\u015flemleri (kredi kart\u0131 bilgileriniz do\u011frudan taraf\u0131m\u0131zdan [&hellip;]","og_url":"https:\/\/izmiristekstil.com\/tr\/privacy-policy\/","og_site_name":"\u0130zmir \u0130\u015f Tekstil","article_modified_time":"2026-01-09T09:51:49+00:00","twitter_card":"summary_large_image","twitter_misc":{"Tahmini okuma s\u00fcresi":"2 dakika"},"schema":{"@context":"https:\/\/schema.org","@graph":[{"@type":"WebPage","@id":"https:\/\/izmiristekstil.com\/privacy-policy\/","url":"https:\/\/izmiristekstil.com\/privacy-policy\/","name":"Privacy Policy - \u0130zmir \u0130\u015f Tekstil","isPartOf":{"@id":"https:\/\/izmiristekstil.com\/#website"},"datePublished":"2020-03-10T21:16:55+00:00","dateModified":"2026-01-09T09:51:49+00:00","breadcrumb":{"@id":"https:\/\/izmiristekstil.com\/privacy-policy\/#breadcrumb"},"inLanguage":"tr","potentialAction":[{"@type":"ReadAction","target":["https:\/\/izmiristekstil.com\/privacy-policy\/"]}]},{"@type":"BreadcrumbList","@id":"https:\/\/izmiristekstil.com\/privacy-policy\/#breadcrumb","itemListElement":[{"@type":"ListItem","position":1,"name":"Home","item":"https:\/\/izmiristekstil.com\/"},{"@type":"ListItem","position":2,"name":"Privacy Policy"}]},{"@type":"WebSite","@id":"https:\/\/izmiristekstil.com\/#website","url":"https:\/\/izmiristekstil.com\/","name":"\u0130zmir \u0130\u015f Tekstil","description":"","publisher":{"@id":"https:\/\/izmiristekstil.com\/#organization"},"potentialAction":[{"@type":"SearchAction","target":{"@type":"EntryPoint","urlTemplate":"https:\/\/izmiristekstil.com\/?s={search_term_string}"},"query-input":{"@type":"PropertyValueSpecification","valueRequired":true,"valueName":"search_term_string"}}],"inLanguage":"tr"},{"@type":"Organization","@id":"https:\/\/izmiristekstil.com\/#organization","name":"\u0130zmir \u0130\u015f Tekstil","url":"https:\/\/izmiristekstil.com\/","logo":{"@type":"ImageObject","inLanguage":"tr","@id":"https:\/\/izmiristekstil.com\/#\/schema\/logo\/image\/","url":"https:\/\/izmiristekstil.com\/wp-content\/uploads\/2025\/10\/izmiris-logo.png","contentUrl":"https:\/\/izmiristekstil.com\/wp-content\/uploads\/2025\/10\/izmiris-logo.png","width":2083,"height":2083,"caption":"\u0130zmir \u0130\u015f Tekstil"},"image":{"@id":"https:\/\/izmiristekstil.com\/#\/schema\/logo\/image\/"}}]}},"_hostinger_reach_plugin_has_subscription_block":false,"_hostinger_reach_plugin_is_elementor":false,"_links":{"self":[{"href":"https:\/\/izmiristekstil.com\/tr\/wp-json\/wp\/v2\/pages\/363","targetHints":{"allow":["GET"]}}],"collection":[{"href":"https:\/\/izmiristekstil.com\/tr\/wp-json\/wp\/v2\/pages"}],"about":[{"href":"https:\/\/izmiristekstil.com\/tr\/wp-json\/wp\/v2\/types\/page"}],"author":[{"embeddable":true,"href":"https:\/\/izmiristekstil.com\/tr\/wp-json\/wp\/v2\/users\/1"}],"replies":[{"embeddable":true,"href":"https:\/\/izmiristekstil.com\/tr\/wp-json\/wp\/v2\/comments?post=363"}],"version-history":[{"count":15,"href":"https:\/\/izmiristekstil.com\/tr\/wp-json\/wp\/v2\/pages\/363\/revisions"}],"predecessor-version":[{"id":1655,"href":"https:\/\/izmiristekstil.com\/tr\/wp-json\/wp\/v2\/pages\/363\/revisions\/1655"}],"wp:attachment":[{"href":"https:\/\/izmiristekstil.com\/tr\/wp-json\/wp\/v2\/media?parent=363"}],"curies":[{"name":"wp","href":"https:\/\/api.w.org\/{rel}","templated":true}]}}